{"id":5834,"date":"2018-05-25T18:44:07","date_gmt":"2018-05-25T18:44:07","guid":{"rendered":"http:\/\/dermocosmetico.com.mx\/?page_id=5834"},"modified":"2018-05-25T18:44:07","modified_gmt":"2018-05-25T18:44:07","slug":"termoelectrodos","status":"publish","type":"page","link":"https:\/\/dermocosmetico.com.mx\/index.php\/corporales\/termoelectrodos\/","title":{"rendered":"TERMOELECTRODOS"},"content":{"rendered":"<div class=\"wpb_row vc_row-fluid vc_custom_1527273228367 row_fullwidth\" ><div class=\"wpb_column vc_column_container vc_col-sm-12\"><div class=\"wpb_wrapper\">\t<div class=\"vc_empty_space\"  style=\"height: 132px\" ><span\n\t\t\tclass=\"vc_empty_space_inner\"><\/span><\/div>\n\n<h2 style=\"font-size: 32px;color: #ffffff;text-align: center;font-family:Raleway;font-weight:700;font-style:normal\" class=\"vc_custom_heading\">TERMOELECTRODOS <\/h2>\t<div class=\"vc_empty_space\"  style=\"height: 132px\" ><span\n\t\t\tclass=\"vc_empty_space_inner\"><\/span><\/div>\n\n<\/div><\/div><\/div><div class=\"wpb_row vc_row-fluid row_box\" ><div class=\"container\"><div class=\"wpb_column vc_column_container vc_col-sm-12\"><div class=\"wpb_wrapper\">\t<div class=\"vc_empty_space\"  style=\"height: 20px\" ><span\n\t\t\tclass=\"vc_empty_space_inner\"><\/span><\/div>\n\n\n\t<div class=\"wpb_text_column wpb_content_element \">\n\t\t<div class=\"wpb_wrapper\">\n\t\t\t<h2 style=\"text-align: justify;\" align=\"left\"><strong>TERMOELECTRODOS :<\/strong><\/h2>\n<p><strong>\u00a0<\/strong>El aparato m\u00e1s novedoso en la tecnolog\u00eda de la Electro-Estimulaci\u00f3n es una m\u00e1quina inteligente que act\u00faa alternando diferentes programas en la misma sesi\u00f3n logrando llegar a diferentes profundidades de los m\u00fasculos de la zona y hacer al mismo tiempo drenaje linf\u00e1tico<\/p>\n<p>Act\u00faa sobre la grasa con luz infrarroja y un poco de calor controlado para obtener los mejores resultados.<\/p>\n\n\t\t<\/div> \n\t<\/div> \t<div class=\"vc_empty_space\"  style=\"height: 20px\" ><span\n\t\t\tclass=\"vc_empty_space_inner\"><\/span><\/div>\n\n\t<div class=\"vc_btn3-container vc_btn3-inline\"><a class=\"vc_general vc_btn3 vc_btn3-size-sm vc_btn3-shape-square vc_btn3-style-flat vc_btn3-color-grey\" href=\"http:\/\/dermocosmetico.com.mx\/index.php\/contacto\/\" title=\"\" target=\"_self\">Cont\u00e1ctanos<\/a><\/div><\/div><\/div><\/div><\/div>\n","protected":false},"excerpt":{"rendered":"TERMOELECTRODOS TERMOELECTRODOS : \u00a0El aparato m\u00e1s novedoso en la tecnolog\u00eda de la Electro-Estimulaci\u00f3n es una m\u00e1quina inteligente que act\u00faa alternando [...]","protected":false},"author":1,"featured_media":0,"parent":4877,"menu_order":0,"comment_status":"closed","ping_status":"closed","template":"","meta":[],"_links":{"self":[{"href":"https:\/\/dermocosmetico.com.mx\/index.php\/wp-json\/wp\/v2\/pages\/5834"}],"collection":[{"href":"https:\/\/dermocosmetico.com.mx\/index.php\/wp-json\/wp\/v2\/pages"}],"about":[{"href":"https:\/\/dermocosmetico.com.mx\/index.php\/wp-json\/wp\/v2\/types\/page"}],"author":[{"embeddable":true,"href":"https:\/\/dermocosmetico.com.mx\/index.php\/wp-json\/wp\/v2\/users\/1"}],"replies":[{"embeddable":true,"href":"https:\/\/dermocosmetico.com.mx\/index.php\/wp-json\/wp\/v2\/comments?post=5834"}],"version-history":[{"count":1,"href":"https:\/\/dermocosmetico.com.mx\/index.php\/wp-json\/wp\/v2\/pages\/5834\/revisions"}],"predecessor-version":[{"id":5841,"href":"https:\/\/dermocosmetico.com.mx\/index.php\/wp-json\/wp\/v2\/pages\/5834\/revisions\/5841"}],"up":[{"embeddable":true,"href":"https:\/\/dermocosmetico.com.mx\/index.php\/wp-json\/wp\/v2\/pages\/4877"}],"wp:attachment":[{"href":"https:\/\/dermocosmetico.com.mx\/index.php\/wp-json\/wp\/v2\/media?parent=5834"}],"curies":[{"name":"wp","href":"https:\/\/api.w.org\/{rel}","templated":true}]}}