{"id":5820,"date":"2018-05-25T18:28:59","date_gmt":"2018-05-25T18:28:59","guid":{"rendered":"http:\/\/dermocosmetico.com.mx\/?page_id=5820"},"modified":"2018-05-25T18:30:27","modified_gmt":"2018-05-25T18:30:27","slug":"lipomax","status":"publish","type":"page","link":"https:\/\/dermocosmetico.com.mx\/index.php\/corporales\/lipomax\/","title":{"rendered":"LIPOMAX"},"content":{"rendered":"<div class=\"wpb_row vc_row-fluid vc_custom_1474013013196 row_fullwidth\" ><div class=\"wpb_column vc_column_container vc_col-sm-12\"><div class=\"wpb_wrapper\">\t<div class=\"vc_empty_space\"  style=\"height: 132px\" ><span\n\t\t\tclass=\"vc_empty_space_inner\"><\/span><\/div>\n\n<h2 style=\"font-size: 32px;color: #ffffff;text-align: center;font-family:Raleway;font-weight:700;font-style:normal\" class=\"vc_custom_heading\">LIPOMAX<\/h2>\t<div class=\"vc_empty_space\"  style=\"height: 132px\" ><span\n\t\t\tclass=\"vc_empty_space_inner\"><\/span><\/div>\n\n<\/div><\/div><\/div><div class=\"wpb_row vc_row-fluid row_box\" ><div class=\"container\"><div class=\"wpb_column vc_column_container vc_col-sm-12\"><div class=\"wpb_wrapper\">\t<div class=\"vc_empty_space\"  style=\"height: 20px\" ><span\n\t\t\tclass=\"vc_empty_space_inner\"><\/span><\/div>\n\n\n\t<div class=\"wpb_text_column wpb_content_element \">\n\t\t<div class=\"wpb_wrapper\">\n\t\t\t<h2 style=\"text-align: justify;\" align=\"left\"><strong>Lipomax:<\/strong><\/h2>\n<p>Nuevo Lipomax RF \u00daNICO EN GUADALAJARA\u00a0 Es un Revolucionario Aparato de Medicina Estetica aprobado por FDA con tecnolog\u00edas Patentadas EXCLUSIVAS del equipo, obtenidas despu\u00e9s de a\u00f1os de investigaci\u00f3n m\u00e9dica y cient\u00edfica y much\u00edsimos casos cl\u00ednicos con resultados inigualables:<\/p>\n<ul>\n<li>Reafirma<\/li>\n<li>Reduce grasa localizada<\/li>\n<li>Mejora de dos a tres grados de Celulitis<\/li>\n<li>Levanta Gl\u00fateos<\/li>\n<\/ul>\n\n\t\t<\/div> \n\t<\/div> \t<div class=\"vc_empty_space\"  style=\"height: 20px\" ><span\n\t\t\tclass=\"vc_empty_space_inner\"><\/span><\/div>\n\n\t<div class=\"vc_btn3-container vc_btn3-inline\"><a class=\"vc_general vc_btn3 vc_btn3-size-sm vc_btn3-shape-square vc_btn3-style-flat vc_btn3-color-grey\" href=\"http:\/\/dermocosmetico.com.mx\/index.php\/contacto\/\" title=\"\" target=\"_self\">Cont\u00e1ctanos<\/a><\/div><\/div><\/div><\/div><\/div>\n","protected":false},"excerpt":{"rendered":"LIPOMAX Lipomax: Nuevo Lipomax RF \u00daNICO EN GUADALAJARA\u00a0 Es un Revolucionario Aparato de Medicina Estetica aprobado por FDA con tecnolog\u00edas [...]","protected":false},"author":1,"featured_media":0,"parent":4877,"menu_order":0,"comment_status":"closed","ping_status":"closed","template":"","meta":[],"_links":{"self":[{"href":"https:\/\/dermocosmetico.com.mx\/index.php\/wp-json\/wp\/v2\/pages\/5820"}],"collection":[{"href":"https:\/\/dermocosmetico.com.mx\/index.php\/wp-json\/wp\/v2\/pages"}],"about":[{"href":"https:\/\/dermocosmetico.com.mx\/index.php\/wp-json\/wp\/v2\/types\/page"}],"author":[{"embeddable":true,"href":"https:\/\/dermocosmetico.com.mx\/index.php\/wp-json\/wp\/v2\/users\/1"}],"replies":[{"embeddable":true,"href":"https:\/\/dermocosmetico.com.mx\/index.php\/wp-json\/wp\/v2\/comments?post=5820"}],"version-history":[{"count":2,"href":"https:\/\/dermocosmetico.com.mx\/index.php\/wp-json\/wp\/v2\/pages\/5820\/revisions"}],"predecessor-version":[{"id":5826,"href":"https:\/\/dermocosmetico.com.mx\/index.php\/wp-json\/wp\/v2\/pages\/5820\/revisions\/5826"}],"up":[{"embeddable":true,"href":"https:\/\/dermocosmetico.com.mx\/index.php\/wp-json\/wp\/v2\/pages\/4877"}],"wp:attachment":[{"href":"https:\/\/dermocosmetico.com.mx\/index.php\/wp-json\/wp\/v2\/media?parent=5820"}],"curies":[{"name":"wp","href":"https:\/\/api.w.org\/{rel}","templated":true}]}}