{"id":5435,"date":"2016-09-16T08:13:04","date_gmt":"2016-09-16T08:13:04","guid":{"rendered":"http:\/\/dermocosmetico.com.mx\/?page_id=5435"},"modified":"2017-07-18T06:00:23","modified_gmt":"2017-07-18T06:00:23","slug":"depilacion-laser-soprano-inside","status":"publish","type":"page","link":"https:\/\/dermocosmetico.com.mx\/index.php\/depilaciones\/depilacion-laser-soprano-inside\/","title":{"rendered":"DEPILACION LASER SOPRANO INSIDE"},"content":{"rendered":"<div class=\"wpb_row vc_row-fluid vc_custom_1474013582642 row_fullwidth\" ><div class=\"wpb_column vc_column_container vc_col-sm-12\"><div class=\"wpb_wrapper\">\t<div class=\"vc_empty_space\"  style=\"height: 132px\" ><span\n\t\t\tclass=\"vc_empty_space_inner\"><\/span><\/div>\n\n<h2 style=\"font-size: 32px;color: #ffffff;text-align: center;font-family:Raleway;font-weight:700;font-style:normal\" class=\"vc_custom_heading\">DEPILACION LASER SOPRANO INSIDE<\/h2>\t<div class=\"vc_empty_space\"  style=\"height: 132px\" ><span\n\t\t\tclass=\"vc_empty_space_inner\"><\/span><\/div>\n\n<\/div><\/div><\/div><div class=\"wpb_row vc_row-fluid row_box\" ><div class=\"container\"><div class=\"wpb_column vc_column_container vc_col-sm-12\"><div class=\"wpb_wrapper\">\t<div class=\"vc_empty_space\"  style=\"height: 20px\" ><span\n\t\t\tclass=\"vc_empty_space_inner\"><\/span><\/div>\n\n\n\t<div class=\"wpb_text_column wpb_content_element \">\n\t\t<div class=\"wpb_wrapper\">\n\t\t\t<h2 style=\"text-align: justify;\" align=\"left\"><strong>DEPILACION LASER SOPRANO INSIDE: <\/strong><\/h2>\n<p><strong>Contamos con el \u00fanico equipo en GUADALAJARA<\/strong><\/p>\n<p>Adem\u00e1s de todos los beneficios de los Laser Soprano, la nueva Tecnolog\u00eda a Nivel Mundial del L\u00e1ser Soprano modelo <strong>INSIDE<\/strong> cuenta con un sistema de enfriamiento en su cabezal con punta de zafiro Dual Chill que combinada con la tecnolog\u00eda IN MOTION elimina la necesidad de usar geles fr\u00edos o analg\u00e9sicos logrando dar una experiencia al paciente a\u00fan m\u00e1s agradable antes, durante y despu\u00e9s del tratamiento.<\/p>\n<p>La Tecnolog\u00eda SHR Super Hair Removal con la que cuenta el L\u00e1ser Soprano <strong>INSIDE<\/strong> \u00a0elimina el dolor de la depilaci\u00f3n en su totalidad con su alta potencia y alta repetici\u00f3n de pulsos liberando la energ\u00eda de manera segura y uniforme asegurando la comodidad del paciente.<\/p>\n\n\t\t<\/div> \n\t<\/div> \t<div class=\"vc_empty_space\"  style=\"height: 20px\" ><span\n\t\t\tclass=\"vc_empty_space_inner\"><\/span><\/div>\n\n<\/div><\/div><\/div><\/div><div class=\"wpb_row vc_row-fluid row_fullwidth\" ><div class=\"wpb_column vc_column_container vc_col-sm-12\"><div class=\"wpb_wrapper\">\n\t<div class=\"wpb_text_column wpb_content_element \">\n\t\t<div class=\"wpb_wrapper\">\n\t\t\t\n\t\t<\/div> \n\t<\/div> <\/div><\/div><\/div><div class=\"wpb_row vc_row-fluid row_box\" ><div class=\"container\"><div class=\"wpb_column vc_column_container vc_col-sm-12\"><div class=\"wpb_wrapper\">\n\t<div class=\"wpb_text_column wpb_content_element \">\n\t\t<div class=\"wpb_wrapper\">\n\t\t\t<h2>Resuelve tus dudas o Agenda T\u00fa Cita<\/h2>\n<h4>Whatsapp al\u00a033.22.29.43.24<\/h4>\n<p style=\"text-align: justify;\">Nos encantar\u00e1 escuchar de ti. Resuelve todas tus dudas y agenda una cita para conocer de la mano de un experto, los mejores tratamientos para el cuidado de tu piel.<\/p>\n\n\t\t<\/div> \n\t<\/div> \t<div class=\"vc_empty_space\"  style=\"height: 32px\" ><span\n\t\t\tclass=\"vc_empty_space_inner\"><\/span><\/div>\n\n\n\t<div class=\"wpb_text_column wpb_content_element \">\n\t\t<div class=\"wpb_wrapper\">\n\t\t\t<p><a href=\"https:\/\/www.facebook.com\/Dermocosmetico\/?fref=ts\" target=\"_blank\"><img loading=\"lazy\" class=\"alignnone size-medium wp-image-5130\" src=\"http:\/\/dermocosmetico.com.mx\/wp-content\/uploads\/2014\/05\/1465298599_facebook-square-social-media.png\" alt=\"1465298599_facebook-square-social-media\" width=\"60\" height=\"48\" \/><\/a><a href=\"tel:3322294324\" target=\"_blank\"><img loading=\"lazy\" class=\"alignnone size-full wp-image-5129\" src=\"http:\/\/dermocosmetico.com.mx\/wp-content\/uploads\/2014\/05\/1465298590_whatsapp-square-social-media.png\" alt=\"1465298590_whatsapp-square-social-media\" width=\"60\" height=\"48\" \/><\/a><a href=\"https:\/\/www.instagram.com\/dermocosmetico\/\" target=\"_blank\"><img loading=\"lazy\" class=\"alignnone size-medium wp-image-5132\" src=\"http:\/\/dermocosmetico.com.mx\/wp-content\/uploads\/2014\/05\/1465298623_instagram-square-social-media.png\" alt=\"1465298623_instagram-square-social-media\" width=\"60\" height=\"48\" \/><\/a><a href=\"https:\/\/twitter.com\/dermo_cosmetico\" target=\"_blank\"><img loading=\"lazy\" class=\"alignnone size-medium wp-image-5131\" src=\"http:\/\/dermocosmetico.com.mx\/wp-content\/uploads\/2014\/05\/1465298614_twitter-square-social-media.png\" alt=\"1465298614_twitter-square-social-media\" width=\"60\" height=\"48\" \/><\/a><\/p>\n\n\t\t<\/div> \n\t<\/div> \t<div class=\"vc_empty_space\"  style=\"height: 32px\" ><span\n\t\t\tclass=\"vc_empty_space_inner\"><\/span><\/div>\n\n<div class=\"vc_separator wpb_content_element vc_separator_align_center vc_sep_width_100 vc_sep_pos_align_center vc_separator_no_text vc_sep_color_grey\"><span\n\t\tclass=\"vc_sep_holder vc_sep_holder_l\"><span\t\t\tclass=\"vc_sep_line\"><\/span><\/span><span\n\t\tclass=\"vc_sep_holder vc_sep_holder_r\"><span class=\"vc_sep_line\"><\/span><\/span>\n\t<\/div>\n\t<div class=\"vc_empty_space\"  style=\"height: 32px\" ><span\n\t\t\tclass=\"vc_empty_space_inner\"><\/span><\/div>\n\n<\/div><\/div><\/div><\/div><div class=\"wpb_row vc_row-fluid row_box\" ><div class=\"container\"><div class=\"wpb_column vc_column_container vc_col-sm-6\"><div class=\"wpb_wrapper\">\n\t<div class=\"wpb_text_column wpb_content_element \">\n\t\t<div class=\"wpb_wrapper\">\n\t\t\t<p><strong>Sucursal Providencia<\/strong><\/p>\n<p>Av. Terranova\u00a01104\u00a0Entre Ostia y Sicilia Col. Providencia Guadalajara, Jal.\u00a0<em><strong>Valet Parking Gratuito<\/strong><\/em><\/p>\n<p><em id=\"__mceDel\"><strong>Tel<\/strong>: 36.41.50.76 \u00a0<\/em><\/p>\n<p><em id=\"__mceDel\"><strong>Tel:\u00a0<\/strong>36.41.50.67<\/em><\/p>\n\n\t\t<\/div> \n\t<\/div> \t<div class=\"vc_empty_space\"  style=\"height: 32px\" ><span\n\t\t\tclass=\"vc_empty_space_inner\"><\/span><\/div>\n\n<div class=\"wpb_gmaps_widget wpb_content_element\">\n\t<div class=\"wpb_wrapper\">\n\t<div class=\"wpb_map_wraper\">\n\t\t<iframe src=\"https:\/\/www.google.com\/maps\/embed?pb=!1m18!1m12!1m3!1d3732.4232910065066!2d-103.38845568463101!3d20.693029004529393!2m3!1f0!2f0!3f0!3m2!1i1024!2i768!4f13.1!3m3!1m2!1s0x8428ae46bfabfd9b%3A0x730adb910461e3b7!2sCentro+Dermocosm%C3%A9tico!5e0!3m2!1ses-419!2smx!4v1460966356350\" width=\"500\" height=\"300\" frameborder=\"0\" style=\"border:0\" allowfullscreen><\/iframe>\t<\/div>\n\t<\/div>\t<\/div><\/div><\/div><div class=\"wpb_column vc_column_container vc_col-sm-6\"><div class=\"wpb_wrapper\">\n\t<div class=\"wpb_text_column wpb_content_element \">\n\t\t<div class=\"wpb_wrapper\">\n\t\t\t<p><strong>Sucursal\u00a0Arcos<\/strong><\/p>\n<p>Av. de los Arcos 115, Arcos Vallarta, 44130 Guadalajara, Jal.\u00a0<em><strong>Valet Parking Gratuito<\/strong><\/em><\/p>\n<p><em id=\"__mceDel\"><strong>Tel<\/strong>:\u00a0<em id=\"__mceDel\">36.16.55.56<\/em><\/em><\/p>\n<p><em id=\"__mceDel\"><strong>Tel:\u00a0<\/strong><em id=\"__mceDel\">36.16.49.14<\/em><\/em><\/p>\n\n\t\t<\/div> \n\t<\/div> \t<div class=\"vc_empty_space\"  style=\"height: 32px\" ><span\n\t\t\tclass=\"vc_empty_space_inner\"><\/span><\/div>\n\n<div class=\"wpb_gmaps_widget wpb_content_element\">\n\t<div class=\"wpb_wrapper\">\n\t<div class=\"wpb_map_wraper\">\n\t\t<iframe src=\"https:\/\/www.google.com\/maps\/embed?pb=!1m18!1m12!1m3!1d3732.852862633802!2d-103.3842495406963!3d20.67556428062236!2m3!1f0!2f0!3f0!3m2!1i1024!2i768!4f13.1!3m3!1m2!1s0x8428ae727df9304d%3A0x6a48601c196c8e4c!2sCentro+Dermatol%C3%B3gico+Dermocosm%C3%A9tico!5e0!3m2!1ses-419!2smx!4v1460966432422\" width=\"500\" height=\"300\" frameborder=\"0\" style=\"border:0\" allowfullscreen><\/iframe>\t<\/div>\n\t<\/div>\t<\/div><\/div><\/div><\/div><\/div><div class=\"wpb_row vc_row-fluid row_box\" ><div class=\"container\"><div class=\"wpb_column vc_column_container vc_col-sm-12\"><div class=\"wpb_wrapper\">\t<div class=\"vc_empty_space\"  style=\"height: 32px\" ><span\n\t\t\tclass=\"vc_empty_space_inner\"><\/span><\/div>\n\n<div class=\"vc_separator wpb_content_element vc_separator_align_center vc_sep_width_100 vc_sep_pos_align_center vc_separator_no_text vc_sep_color_grey\"><span\n\t\tclass=\"vc_sep_holder vc_sep_holder_l\"><span\t\t\tclass=\"vc_sep_line\"><\/span><\/span><span\n\t\tclass=\"vc_sep_holder vc_sep_holder_r\"><span class=\"vc_sep_line\"><\/span><\/span>\n\t<\/div>\n\t<div class=\"vc_empty_space\"  style=\"height: 32px\" ><span\n\t\t\tclass=\"vc_empty_space_inner\"><\/span><\/div>\n\n\n\t<div class=\"wpb_text_column wpb_content_element \">\n\t\t<div class=\"wpb_wrapper\">\n\t\t\t<h2>D\u00e9janos un Mensaje<\/h2>\n<p style=\"text-align: justify;\">Nos encantar\u00e1 escuchar de ti. Resuelve todas tus dudas y agenda una cita para conocer de la mano de un experto, los mejores tratamientos para el cuidado de tu piel.<\/p>\n\n\t\t<\/div> \n\t<\/div> <div role=\"form\" class=\"wpcf7\" id=\"wpcf7-f641-o1\" lang=\"en-US\" dir=\"ltr\">\n<div class=\"screen-reader-response\"><p role=\"status\" aria-live=\"polite\" aria-atomic=\"true\"><\/p> <ul><\/ul><\/div>\n<form action=\"\/index.php\/wp-json\/wp\/v2\/pages\/5435#wpcf7-f641-o1\" method=\"post\" class=\"wpcf7-form init\" novalidate=\"novalidate\" data-status=\"init\">\n<div style=\"display: none;\">\n<input type=\"hidden\" name=\"_wpcf7\" value=\"641\" \/>\n<input type=\"hidden\" name=\"_wpcf7_version\" value=\"5.6\" \/>\n<input type=\"hidden\" name=\"_wpcf7_locale\" value=\"en_US\" \/>\n<input type=\"hidden\" name=\"_wpcf7_unit_tag\" value=\"wpcf7-f641-o1\" \/>\n<input type=\"hidden\" name=\"_wpcf7_container_post\" value=\"0\" \/>\n<input type=\"hidden\" name=\"_wpcf7_posted_data_hash\" value=\"\" \/>\n<\/div>\n<div class=\"row\">\n<div class=\"col-sm-4\">\n<p>Nombre (*)<br \/>\n    <span class=\"wpcf7-form-control-wrap\" data-name=\"your-name\"><input type=\"text\" name=\"your-name\" value=\"\" size=\"40\" class=\"wpcf7-form-control wpcf7-text wpcf7-validates-as-required\" aria-required=\"true\" aria-invalid=\"false\" \/><\/span><\/p>\n<\/div>\n<div class=\"col-sm-4\">\n<p>Email (*)<br \/>\n    <span class=\"wpcf7-form-control-wrap\" data-name=\"your-email\"><input type=\"email\" name=\"your-email\" value=\"\" size=\"40\" class=\"wpcf7-form-control wpcf7-text wpcf7-email wpcf7-validates-as-required wpcf7-validates-as-email\" aria-required=\"true\" aria-invalid=\"false\" \/><\/span><\/p>\n<\/div>\n<div class=\"col-sm-4\">\n<p>Asunto <br \/>\n    <span class=\"wpcf7-form-control-wrap\" data-name=\"your-subject\"><input type=\"text\" name=\"your-subject\" value=\"\" size=\"40\" class=\"wpcf7-form-control wpcf7-text\" aria-invalid=\"false\" \/><\/span><\/p>\n<\/div>\n<div class=\"col-sm-12\">\n<p>Mensaje <br \/>\n    <span class=\"wpcf7-form-control-wrap\" data-name=\"your-message\"><textarea name=\"your-message\" cols=\"40\" rows=\"10\" class=\"wpcf7-form-control wpcf7-textarea\" aria-invalid=\"false\"><\/textarea><\/span><\/p>\n<\/div>\n<div class=\"col-sm-12\">\n<p><input type=\"submit\" value=\"Enviar Mensaje\" class=\"wpcf7-form-control has-spinner wpcf7-submit\" \/><\/p>\n<\/div>\n<\/div>\n<div class=\"wpcf7-response-output\" aria-hidden=\"true\"><\/div><\/form><\/div>\t<div class=\"vc_empty_space\"  style=\"height: 32px\" ><span\n\t\t\tclass=\"vc_empty_space_inner\"><\/span><\/div>\n\n<\/div><\/div><\/div><\/div>\n","protected":false},"excerpt":{"rendered":"DEPILACION LASER SOPRANO INSIDE DEPILACION LASER SOPRANO INSIDE: Contamos con el \u00fanico equipo en GUADALAJARA Adem\u00e1s de todos los beneficios [...]","protected":false},"author":1,"featured_media":0,"parent":4881,"menu_order":0,"comment_status":"closed","ping_status":"closed","template":"","meta":[],"_links":{"self":[{"href":"https:\/\/dermocosmetico.com.mx\/index.php\/wp-json\/wp\/v2\/pages\/5435"}],"collection":[{"href":"https:\/\/dermocosmetico.com.mx\/index.php\/wp-json\/wp\/v2\/pages"}],"about":[{"href":"https:\/\/dermocosmetico.com.mx\/index.php\/wp-json\/wp\/v2\/types\/page"}],"author":[{"embeddable":true,"href":"https:\/\/dermocosmetico.com.mx\/index.php\/wp-json\/wp\/v2\/users\/1"}],"replies":[{"embeddable":true,"href":"https:\/\/dermocosmetico.com.mx\/index.php\/wp-json\/wp\/v2\/comments?post=5435"}],"version-history":[{"count":4,"href":"https:\/\/dermocosmetico.com.mx\/index.php\/wp-json\/wp\/v2\/pages\/5435\/revisions"}],"predecessor-version":[{"id":5670,"href":"https:\/\/dermocosmetico.com.mx\/index.php\/wp-json\/wp\/v2\/pages\/5435\/revisions\/5670"}],"up":[{"embeddable":true,"href":"https:\/\/dermocosmetico.com.mx\/index.php\/wp-json\/wp\/v2\/pages\/4881"}],"wp:attachment":[{"href":"https:\/\/dermocosmetico.com.mx\/index.php\/wp-json\/wp\/v2\/media?parent=5435"}],"curies":[{"name":"wp","href":"https:\/\/api.w.org\/{rel}","templated":true}]}}