{"id":5336,"date":"2016-09-16T06:55:48","date_gmt":"2016-09-16T06:55:48","guid":{"rendered":"http:\/\/dermocosmetico.com.mx\/?page_id=5336"},"modified":"2016-09-16T07:46:42","modified_gmt":"2016-09-16T07:46:42","slug":"infrarrojo","status":"publish","type":"page","link":"https:\/\/dermocosmetico.com.mx\/index.php\/corporales\/infrarrojo\/","title":{"rendered":"INFRARROJO"},"content":{"rendered":"<div class=\"wpb_row vc_row-fluid vc_custom_1474012000536 row_fullwidth\" ><div class=\"wpb_column vc_column_container vc_col-sm-12\"><div class=\"wpb_wrapper\">\t<div class=\"vc_empty_space\"  style=\"height: 132px\" ><span\n\t\t\tclass=\"vc_empty_space_inner\"><\/span><\/div>\n\n<h2 style=\"font-size: 32px;color: #ffffff;text-align: center;font-family:Raleway;font-weight:700;font-style:normal\" class=\"vc_custom_heading\">INFRARROJO<\/h2>\t<div class=\"vc_empty_space\"  style=\"height: 132px\" ><span\n\t\t\tclass=\"vc_empty_space_inner\"><\/span><\/div>\n\n<\/div><\/div><\/div><div class=\"wpb_row vc_row-fluid row_box\" ><div class=\"container\"><div class=\"wpb_column vc_column_container vc_col-sm-12\"><div class=\"wpb_wrapper\">\t<div class=\"vc_empty_space\"  style=\"height: 20px\" ><span\n\t\t\tclass=\"vc_empty_space_inner\"><\/span><\/div>\n\n\n\t<div class=\"wpb_text_column wpb_content_element \">\n\t\t<div class=\"wpb_wrapper\">\n\t\t\t<h2 style=\"text-align: justify;\" align=\"left\"><strong>INFRARROJO: <\/strong><\/h2>\n<p>La terapia infrarroja es muy popular por sus m\u00faltiples beneficios como el \u201cpreparar\u201d las c\u00e9lulas grasas antes de cualquier tipo de tratamiento con otros dispositivos o potencializar y maximizar el efecto uno de los mismos.<\/p>\n<p>Adem\u00e1s de que ayuda a desintoxicar el cuerpo as\u00ed como a perder grasa y toxinas, combate la retenci\u00f3n de l\u00edquidos \u00a0y mejora la piel.<\/p>\n\n\t\t<\/div> \n\t<\/div> \t<div class=\"vc_empty_space\"  style=\"height: 20px\" ><span\n\t\t\tclass=\"vc_empty_space_inner\"><\/span><\/div>\n\n\t<div class=\"vc_btn3-container vc_btn3-inline\"><a class=\"vc_general vc_btn3 vc_btn3-size-sm vc_btn3-shape-square vc_btn3-style-flat vc_btn3-color-grey\" href=\"http:\/\/dermocosmetico.com.mx\/index.php\/contacto\/\" title=\"\" target=\"_self\">Cont\u00e1ctanos<\/a><\/div><\/div><\/div><\/div><\/div>\n","protected":false},"excerpt":{"rendered":"INFRARROJO INFRARROJO: La terapia infrarroja es muy popular por sus m\u00faltiples beneficios como el \u201cpreparar\u201d las c\u00e9lulas grasas antes de [...]","protected":false},"author":1,"featured_media":0,"parent":4877,"menu_order":0,"comment_status":"closed","ping_status":"closed","template":"","meta":[],"_links":{"self":[{"href":"https:\/\/dermocosmetico.com.mx\/index.php\/wp-json\/wp\/v2\/pages\/5336"}],"collection":[{"href":"https:\/\/dermocosmetico.com.mx\/index.php\/wp-json\/wp\/v2\/pages"}],"about":[{"href":"https:\/\/dermocosmetico.com.mx\/index.php\/wp-json\/wp\/v2\/types\/page"}],"author":[{"embeddable":true,"href":"https:\/\/dermocosmetico.com.mx\/index.php\/wp-json\/wp\/v2\/users\/1"}],"replies":[{"embeddable":true,"href":"https:\/\/dermocosmetico.com.mx\/index.php\/wp-json\/wp\/v2\/comments?post=5336"}],"version-history":[{"count":2,"href":"https:\/\/dermocosmetico.com.mx\/index.php\/wp-json\/wp\/v2\/pages\/5336\/revisions"}],"predecessor-version":[{"id":5411,"href":"https:\/\/dermocosmetico.com.mx\/index.php\/wp-json\/wp\/v2\/pages\/5336\/revisions\/5411"}],"up":[{"embeddable":true,"href":"https:\/\/dermocosmetico.com.mx\/index.php\/wp-json\/wp\/v2\/pages\/4877"}],"wp:attachment":[{"href":"https:\/\/dermocosmetico.com.mx\/index.php\/wp-json\/wp\/v2\/media?parent=5336"}],"curies":[{"name":"wp","href":"https:\/\/api.w.org\/{rel}","templated":true}]}}