{"id":5191,"date":"2016-06-09T04:58:37","date_gmt":"2016-06-09T04:58:37","guid":{"rendered":"http:\/\/dermocosmetico.com.mx\/?page_id=5191"},"modified":"2017-07-17T06:30:32","modified_gmt":"2017-07-17T06:30:32","slug":"base-para-estrias","status":"publish","type":"page","link":"https:\/\/dermocosmetico.com.mx\/index.php\/tratamientos-medicos\/base-para-estrias\/","title":{"rendered":"PLASMA RICO EN PLAQUETAS o PRP"},"content":{"rendered":"<div class=\"wpb_row vc_row-fluid vc_custom_1474011218998 row_fullwidth\" ><div class=\"wpb_column vc_column_container vc_col-sm-12\"><div class=\"wpb_wrapper\">\t<div class=\"vc_empty_space\"  style=\"height: 132px\" ><span\n\t\t\tclass=\"vc_empty_space_inner\"><\/span><\/div>\n\n<h2 style=\"font-size: 32px;color: #ffffff;text-align: center;font-family:Raleway;font-weight:700;font-style:normal\" class=\"vc_custom_heading\">PLASMA RICO EN PLAQUETAS o PRP<\/h2>\t<div class=\"vc_empty_space\"  style=\"height: 132px\" ><span\n\t\t\tclass=\"vc_empty_space_inner\"><\/span><\/div>\n\n<\/div><\/div><\/div><div class=\"wpb_row vc_row-fluid row_box\" ><div class=\"container\"><div class=\"wpb_column vc_column_container vc_col-sm-12\"><div class=\"wpb_wrapper\">\t<div class=\"vc_empty_space\"  style=\"height: 20px\" ><span\n\t\t\tclass=\"vc_empty_space_inner\"><\/span><\/div>\n\n\n\t<div class=\"wpb_text_column wpb_content_element \">\n\t\t<div class=\"wpb_wrapper\">\n\t\t\t<h2 style=\"text-align: justify;\" align=\"left\"><strong>PLASMA RICO EN PLAQUETAS o PRP: <\/strong><\/h2>\n<p>Tratamiento natural, libre de qu\u00edmicos conocido como \u201cVAMPIRE FACELIFT\u201d en Hollywood<\/p>\n<p>Consiste en la aplicaci\u00f3n de las Plaquetas obtenidas de tu propia sangre, despu\u00e9s de un proceso de centrifugado en el que se separan los Gl\u00f3bulos Rojos del Plasma Rico en Plaquetas, que se aplican con cientos de piquetitos en rostro, cuello y de ser necesario escote, promoviendo la regeneraci\u00f3n celular, hidratando la piel profundamente favoreciendo la generaci\u00f3n de piel.<\/p>\n<p>Contamos con un Equipo de Profesionales M\u00e9dicos con gran experiencia en su aplicaci\u00f3n.<\/p>\n<p>Algunas otras aplicaciones m\u00e9dicas del tratamiento abarcan la zona del cuero cabelludo para estimular las c\u00e9lulas de dicha zona promoviendo la aparici\u00f3n de cabello nuevo.<\/p>\n\n\t\t<\/div> \n\t<\/div> \t<div class=\"vc_empty_space\"  style=\"height: 20px\" ><span\n\t\t\tclass=\"vc_empty_space_inner\"><\/span><\/div>\n\n\t<div class=\"vc_btn3-container vc_btn3-inline\"><a class=\"vc_general vc_btn3 vc_btn3-size-sm vc_btn3-shape-square vc_btn3-style-flat vc_btn3-color-grey\" href=\"http:\/\/dermocosmetico.com.mx\/index.php\/contacto\/\" title=\"\" target=\"_self\">Cont\u00e1ctanos<\/a><\/div><\/div><\/div><\/div><\/div>\n","protected":false},"excerpt":{"rendered":"PLASMA RICO EN PLAQUETAS o PRP PLASMA RICO EN PLAQUETAS o PRP: Tratamiento natural, libre de qu\u00edmicos conocido como \u201cVAMPIRE [...]","protected":false},"author":1,"featured_media":0,"parent":4885,"menu_order":0,"comment_status":"closed","ping_status":"closed","template":"","meta":[],"_links":{"self":[{"href":"https:\/\/dermocosmetico.com.mx\/index.php\/wp-json\/wp\/v2\/pages\/5191"}],"collection":[{"href":"https:\/\/dermocosmetico.com.mx\/index.php\/wp-json\/wp\/v2\/pages"}],"about":[{"href":"https:\/\/dermocosmetico.com.mx\/index.php\/wp-json\/wp\/v2\/types\/page"}],"author":[{"embeddable":true,"href":"https:\/\/dermocosmetico.com.mx\/index.php\/wp-json\/wp\/v2\/users\/1"}],"replies":[{"embeddable":true,"href":"https:\/\/dermocosmetico.com.mx\/index.php\/wp-json\/wp\/v2\/comments?post=5191"}],"version-history":[{"count":5,"href":"https:\/\/dermocosmetico.com.mx\/index.php\/wp-json\/wp\/v2\/pages\/5191\/revisions"}],"predecessor-version":[{"id":5658,"href":"https:\/\/dermocosmetico.com.mx\/index.php\/wp-json\/wp\/v2\/pages\/5191\/revisions\/5658"}],"up":[{"embeddable":true,"href":"https:\/\/dermocosmetico.com.mx\/index.php\/wp-json\/wp\/v2\/pages\/4885"}],"wp:attachment":[{"href":"https:\/\/dermocosmetico.com.mx\/index.php\/wp-json\/wp\/v2\/media?parent=5191"}],"curies":[{"name":"wp","href":"https:\/\/api.w.org\/{rel}","templated":true}]}}