{"id":5185,"date":"2016-06-09T04:57:43","date_gmt":"2016-06-09T04:57:43","guid":{"rendered":"http:\/\/dermocosmetico.com.mx\/?page_id=5185"},"modified":"2017-07-17T06:24:58","modified_gmt":"2017-07-17T06:24:58","slug":"prp-plasma-rico-en-plaquetas","status":"publish","type":"page","link":"https:\/\/dermocosmetico.com.mx\/index.php\/tratamientos-medicos\/prp-plasma-rico-en-plaquetas\/","title":{"rendered":"RETIRO DE LUNARES Y VERRUGAS"},"content":{"rendered":"<div class=\"wpb_row vc_row-fluid vc_custom_1474010520780 row_fullwidth\" ><div class=\"wpb_column vc_column_container vc_col-sm-12\"><div class=\"wpb_wrapper\">\t<div class=\"vc_empty_space\"  style=\"height: 132px\" ><span\n\t\t\tclass=\"vc_empty_space_inner\"><\/span><\/div>\n\n<h2 style=\"font-size: 32px;color: #ffffff;text-align: center;font-family:Raleway;font-weight:700;font-style:normal\" class=\"vc_custom_heading\">RETIRO DE LUNARES Y VERRUGAS<\/h2>\t<div class=\"vc_empty_space\"  style=\"height: 132px\" ><span\n\t\t\tclass=\"vc_empty_space_inner\"><\/span><\/div>\n\n<\/div><\/div><\/div><div class=\"wpb_row vc_row-fluid row_box\" ><div class=\"container\"><div class=\"wpb_column vc_column_container vc_col-sm-12\"><div class=\"wpb_wrapper\">\t<div class=\"vc_empty_space\"  style=\"height: 20px\" ><span\n\t\t\tclass=\"vc_empty_space_inner\"><\/span><\/div>\n\n\n\t<div class=\"wpb_text_column wpb_content_element \">\n\t\t<div class=\"wpb_wrapper\">\n\t\t\t<h2 style=\"text-align: justify;\" align=\"left\"><strong>RETIRO DE LUNARES Y VERRUGAS: <\/strong><\/h2>\n<p>Los lunares y verrugas son muy comunes y la mayor\u00eda de la gente los presenta, sin embargo dependiendo del tama\u00f1o y localizaci\u00f3n algunos pueden ser poco est\u00e9ticos.<\/p>\n<p>El procedimiento es simple, y en caso de ser peque\u00f1os se pueden realizar en grandes cantidades por sesi\u00f3n.<\/p>\n<p>En algunos casos puede requerir una peque\u00f1a cirug\u00eda y la realizaci\u00f3n de an\u00e1lisis patol\u00f3gico de los mismos por lo que recomendamos valoraci\u00f3n m\u00e9dica previa al tratamiento.<\/p>\n\n\t\t<\/div> \n\t<\/div> \t<div class=\"vc_empty_space\"  style=\"height: 20px\" ><span\n\t\t\tclass=\"vc_empty_space_inner\"><\/span><\/div>\n\n\t<div class=\"vc_btn3-container vc_btn3-inline\"><a class=\"vc_general vc_btn3 vc_btn3-size-sm vc_btn3-shape-square vc_btn3-style-flat vc_btn3-color-grey\" href=\"http:\/\/dermocosmetico.com.mx\/index.php\/contacto\/\" title=\"\" target=\"_self\">Cont\u00e1ctanos<\/a><\/div><\/div><\/div><\/div><\/div>\n","protected":false},"excerpt":{"rendered":"RETIRO DE LUNARES Y VERRUGAS RETIRO DE LUNARES Y VERRUGAS: Los lunares y verrugas son muy comunes y la mayor\u00eda [...]","protected":false},"author":1,"featured_media":0,"parent":4885,"menu_order":0,"comment_status":"closed","ping_status":"closed","template":"","meta":[],"_links":{"self":[{"href":"https:\/\/dermocosmetico.com.mx\/index.php\/wp-json\/wp\/v2\/pages\/5185"}],"collection":[{"href":"https:\/\/dermocosmetico.com.mx\/index.php\/wp-json\/wp\/v2\/pages"}],"about":[{"href":"https:\/\/dermocosmetico.com.mx\/index.php\/wp-json\/wp\/v2\/types\/page"}],"author":[{"embeddable":true,"href":"https:\/\/dermocosmetico.com.mx\/index.php\/wp-json\/wp\/v2\/users\/1"}],"replies":[{"embeddable":true,"href":"https:\/\/dermocosmetico.com.mx\/index.php\/wp-json\/wp\/v2\/comments?post=5185"}],"version-history":[{"count":5,"href":"https:\/\/dermocosmetico.com.mx\/index.php\/wp-json\/wp\/v2\/pages\/5185\/revisions"}],"predecessor-version":[{"id":5652,"href":"https:\/\/dermocosmetico.com.mx\/index.php\/wp-json\/wp\/v2\/pages\/5185\/revisions\/5652"}],"up":[{"embeddable":true,"href":"https:\/\/dermocosmetico.com.mx\/index.php\/wp-json\/wp\/v2\/pages\/4885"}],"wp:attachment":[{"href":"https:\/\/dermocosmetico.com.mx\/index.php\/wp-json\/wp\/v2\/media?parent=5185"}],"curies":[{"name":"wp","href":"https:\/\/api.w.org\/{rel}","templated":true}]}}