{"id":5143,"date":"2016-06-07T08:05:54","date_gmt":"2016-06-07T08:05:54","guid":{"rendered":"http:\/\/dermocosmetico.com.mx\/?page_id=5143"},"modified":"2018-05-25T16:43:51","modified_gmt":"2018-05-25T16:43:51","slug":"aparatologia","status":"publish","type":"page","link":"https:\/\/dermocosmetico.com.mx\/index.php\/faciales\/aparatologia\/","title":{"rendered":"LIMPIEZA FACIAL PROFUNDA"},"content":{"rendered":"<div class=\"wpb_row vc_row-fluid vc_custom_1474002455092 row_fullwidth\" ><div class=\"wpb_column vc_column_container vc_col-sm-12\"><div class=\"wpb_wrapper\">\t<div class=\"vc_empty_space\"  style=\"height: 132px\" ><span\n\t\t\tclass=\"vc_empty_space_inner\"><\/span><\/div>\n\n<h2 style=\"font-size: 32px;color: #ffffff;text-align: center;font-family:Raleway;font-weight:700;font-style:normal\" class=\"vc_custom_heading\">LIMPIEZA FACIAL PROFUNDA<\/h2>\t<div class=\"vc_empty_space\"  style=\"height: 132px\" ><span\n\t\t\tclass=\"vc_empty_space_inner\"><\/span><\/div>\n\n<\/div><\/div><\/div><div class=\"wpb_row vc_row-fluid row_box\" ><div class=\"container\"><div class=\"wpb_column vc_column_container vc_col-sm-12\"><div class=\"wpb_wrapper\">\t<div class=\"vc_empty_space\"  style=\"height: 20px\" ><span\n\t\t\tclass=\"vc_empty_space_inner\"><\/span><\/div>\n\n\n\t<div class=\"wpb_text_column wpb_content_element \">\n\t\t<div class=\"wpb_wrapper\">\n\t\t\t<h2 style=\"text-align: justify;\" align=\"left\"><strong>LIMPIEZA FACIAL PROFUNDA (CON EXTRACCI\u00d3N): <\/strong><\/h2>\n<p>Recomendado como facial inicial ya que con este m\u00e9todo ayudar\u00e1s a eliminar los puntos negros y las impurezas de la piel dando como resultado un rostro limpio a profundidad y listo para un facial m\u00e1s espec\u00edfico.<\/p>\n<p><strong>Costo:\u00a0\u00a0$300<\/strong><\/p>\n\n\t\t<\/div> \n\t<\/div> \t<div class=\"vc_empty_space\"  style=\"height: 20px\" ><span\n\t\t\tclass=\"vc_empty_space_inner\"><\/span><\/div>\n\n\n\t<div class=\"wpb_text_column wpb_content_element \">\n\t\t<div class=\"wpb_wrapper\">\n\t\t\t<p><strong>T<\/strong><strong>odos nuestros faciales incluyen.<\/strong><\/p>\n<ul>\n<li>Exfoliaci\u00f3n<\/li>\n<li>Tonificaci\u00f3n<\/li>\n<li>Aplicaci\u00f3n del aparato<\/li>\n<li>Aplicaci\u00f3n de cremas o geles de acuerdo al tipo de piel<\/li>\n<li>Mascarilla<\/li>\n<li>Masaje final<\/li>\n<li>Aplicaci\u00f3n de filtro solar<\/li>\n<li>La duraci\u00f3n aproximada es de una hora<\/li>\n<\/ul>\n\n\t\t<\/div> \n\t<\/div> \t<div class=\"vc_empty_space\"  style=\"height: 20px\" ><span\n\t\t\tclass=\"vc_empty_space_inner\"><\/span><\/div>\n\n\t<div class=\"vc_btn3-container vc_btn3-inline\"><a class=\"vc_general vc_btn3 vc_btn3-size-sm vc_btn3-shape-square vc_btn3-style-flat vc_btn3-color-grey\" href=\"http:\/\/dermocosmetico.com.mx\/index.php\/contacto\/\" title=\"\" target=\"_self\">Cont\u00e1ctanos<\/a><\/div><\/div><\/div><\/div><\/div>\n","protected":false},"excerpt":{"rendered":"LIMPIEZA FACIAL PROFUNDA LIMPIEZA FACIAL PROFUNDA (CON EXTRACCI\u00d3N): Recomendado como facial inicial ya que con este m\u00e9todo ayudar\u00e1s a eliminar [...]","protected":false},"author":1,"featured_media":0,"parent":4875,"menu_order":0,"comment_status":"closed","ping_status":"closed","template":"","meta":[],"_links":{"self":[{"href":"https:\/\/dermocosmetico.com.mx\/index.php\/wp-json\/wp\/v2\/pages\/5143"}],"collection":[{"href":"https:\/\/dermocosmetico.com.mx\/index.php\/wp-json\/wp\/v2\/pages"}],"about":[{"href":"https:\/\/dermocosmetico.com.mx\/index.php\/wp-json\/wp\/v2\/types\/page"}],"author":[{"embeddable":true,"href":"https:\/\/dermocosmetico.com.mx\/index.php\/wp-json\/wp\/v2\/users\/1"}],"replies":[{"embeddable":true,"href":"https:\/\/dermocosmetico.com.mx\/index.php\/wp-json\/wp\/v2\/comments?post=5143"}],"version-history":[{"count":6,"href":"https:\/\/dermocosmetico.com.mx\/index.php\/wp-json\/wp\/v2\/pages\/5143\/revisions"}],"predecessor-version":[{"id":5792,"href":"https:\/\/dermocosmetico.com.mx\/index.php\/wp-json\/wp\/v2\/pages\/5143\/revisions\/5792"}],"up":[{"embeddable":true,"href":"https:\/\/dermocosmetico.com.mx\/index.php\/wp-json\/wp\/v2\/pages\/4875"}],"wp:attachment":[{"href":"https:\/\/dermocosmetico.com.mx\/index.php\/wp-json\/wp\/v2\/media?parent=5143"}],"curies":[{"name":"wp","href":"https:\/\/api.w.org\/{rel}","templated":true}]}}