{"id":5837,"date":"2018-05-25T18:48:09","date_gmt":"2018-05-25T18:48:09","guid":{"rendered":"http:\/\/dermocosmetico.com.mx\/?page_id=5837"},"modified":"2018-05-25T18:48:09","modified_gmt":"2018-05-25T18:48:09","slug":"hidrolipoclasia","status":"publish","type":"page","link":"http:\/\/dermocosmetico.com.mx\/index.php\/tratamientos-medicos\/hidrolipoclasia\/","title":{"rendered":"Hidrolipoclasia"},"content":{"rendered":"<div class=\"wpb_row vc_row-fluid vc_custom_1527273228367 row_fullwidth\" ><div class=\"wpb_column vc_column_container vc_col-sm-12\"><div class=\"wpb_wrapper\">\t<div class=\"vc_empty_space\"  style=\"height: 132px\" ><span\n\t\t\tclass=\"vc_empty_space_inner\"><\/span><\/div>\n\n<h2 style=\"font-size: 32px;color: #ffffff;text-align: center;font-family:Raleway;font-weight:700;font-style:normal\" class=\"vc_custom_heading\">HIDROLIPOCLASIA <\/h2>\t<div class=\"vc_empty_space\"  style=\"height: 132px\" ><span\n\t\t\tclass=\"vc_empty_space_inner\"><\/span><\/div>\n\n<\/div><\/div><\/div><div class=\"wpb_row vc_row-fluid row_box\" ><div class=\"container\"><div class=\"wpb_column vc_column_container vc_col-sm-12\"><div class=\"wpb_wrapper\">\t<div class=\"vc_empty_space\"  style=\"height: 20px\" ><span\n\t\t\tclass=\"vc_empty_space_inner\"><\/span><\/div>\n\n\n\t<div class=\"wpb_text_column wpb_content_element \">\n\t\t<div class=\"wpb_wrapper\">\n\t\t\t<h2 style=\"text-align: justify;\" align=\"left\"><strong>HIDROLIPOCLASIA:<\/strong><\/h2>\n<p>Tratamiento m\u00e9dico consistente \u00a0en infiltrar l\u00edquido liporeductor en la zona a tratar, para despu\u00e9s destruir las c\u00e9lulas grasas con ondas ultras\u00f3nicas, se deber\u00e1 usar faja de despu\u00e9s de la aplicaci\u00f3n.<\/p>\n\n\t\t<\/div> \n\t<\/div> \t<div class=\"vc_empty_space\"  style=\"height: 20px\" ><span\n\t\t\tclass=\"vc_empty_space_inner\"><\/span><\/div>\n\n\t<div class=\"vc_btn3-container vc_btn3-inline\"><a class=\"vc_general vc_btn3 vc_btn3-size-sm vc_btn3-shape-square vc_btn3-style-flat vc_btn3-color-grey\" href=\"http:\/\/dermocosmetico.com.mx\/index.php\/contacto\/\" title=\"\" target=\"_self\">Cont\u00e1ctanos<\/a><\/div><\/div><\/div><\/div><\/div>\n","protected":false},"excerpt":{"rendered":"HIDROLIPOCLASIA HIDROLIPOCLASIA: Tratamiento m\u00e9dico consistente \u00a0en infiltrar l\u00edquido liporeductor en la zona a tratar, para despu\u00e9s destruir las c\u00e9lulas grasas [...]","protected":false},"author":1,"featured_media":0,"parent":4885,"menu_order":0,"comment_status":"closed","ping_status":"closed","template":"","meta":[],"_links":{"self":[{"href":"http:\/\/dermocosmetico.com.mx\/index.php\/wp-json\/wp\/v2\/pages\/5837"}],"collection":[{"href":"http:\/\/dermocosmetico.com.mx\/index.php\/wp-json\/wp\/v2\/pages"}],"about":[{"href":"http:\/\/dermocosmetico.com.mx\/index.php\/wp-json\/wp\/v2\/types\/page"}],"author":[{"embeddable":true,"href":"http:\/\/dermocosmetico.com.mx\/index.php\/wp-json\/wp\/v2\/users\/1"}],"replies":[{"embeddable":true,"href":"http:\/\/dermocosmetico.com.mx\/index.php\/wp-json\/wp\/v2\/comments?post=5837"}],"version-history":[{"count":1,"href":"http:\/\/dermocosmetico.com.mx\/index.php\/wp-json\/wp\/v2\/pages\/5837\/revisions"}],"predecessor-version":[{"id":5844,"href":"http:\/\/dermocosmetico.com.mx\/index.php\/wp-json\/wp\/v2\/pages\/5837\/revisions\/5844"}],"up":[{"embeddable":true,"href":"http:\/\/dermocosmetico.com.mx\/index.php\/wp-json\/wp\/v2\/pages\/4885"}],"wp:attachment":[{"href":"http:\/\/dermocosmetico.com.mx\/index.php\/wp-json\/wp\/v2\/media?parent=5837"}],"curies":[{"name":"wp","href":"https:\/\/api.w.org\/{rel}","templated":true}]}}