{"id":5836,"date":"2018-05-25T18:47:23","date_gmt":"2018-05-25T18:47:23","guid":{"rendered":"http:\/\/dermocosmetico.com.mx\/?page_id=5836"},"modified":"2018-05-25T18:47:23","modified_gmt":"2018-05-25T18:47:23","slug":"laser-inside","status":"publish","type":"page","link":"http:\/\/dermocosmetico.com.mx\/index.php\/depilaciones\/laser-inside\/","title":{"rendered":"L\u00e1ser inside"},"content":{"rendered":"<div class=\"wpb_row vc_row-fluid vc_custom_1527273228367 row_fullwidth\" ><div class=\"wpb_column vc_column_container vc_col-sm-12\"><div class=\"wpb_wrapper\">\t<div class=\"vc_empty_space\"  style=\"height: 132px\" ><span\n\t\t\tclass=\"vc_empty_space_inner\"><\/span><\/div>\n\n<h2 style=\"font-size: 32px;color: #ffffff;text-align: center;font-family:Raleway;font-weight:700;font-style:normal\" class=\"vc_custom_heading\">L\u00e1ser inside <\/h2>\t<div class=\"vc_empty_space\"  style=\"height: 132px\" ><span\n\t\t\tclass=\"vc_empty_space_inner\"><\/span><\/div>\n\n<\/div><\/div><\/div><div class=\"wpb_row vc_row-fluid row_box\" ><div class=\"container\"><div class=\"wpb_column vc_column_container vc_col-sm-12\"><div class=\"wpb_wrapper\">\t<div class=\"vc_empty_space\"  style=\"height: 20px\" ><span\n\t\t\tclass=\"vc_empty_space_inner\"><\/span><\/div>\n\n\n\t<div class=\"wpb_text_column wpb_content_element \">\n\t\t<div class=\"wpb_wrapper\">\n\t\t\t<h2 style=\"text-align: justify;\" align=\"left\"><strong>L\u00e1ser inside\u00a0:<\/strong><\/h2>\n<p>Con la tecnolog\u00eda patentada \u201cIN MOTION\u201d del L\u00e1ser Soprano, que adem\u00e1s est\u00e1 certificado por la FDA se requieren de 7 a 8 sesiones para eliminar del 90 al 95% del vello.<\/p>\n<p>Es un l\u00e1ser en Movimiento que emite 10 disparos por segundo, por lo que no se siente el latigazo de la descarga de cada disparo como con los otros tipos de laser del mercado. Las sesiones son m\u00e1s cortas y se requieren menos sesiones.<\/p>\n<p>El vello se elimina de 8 a 20 a\u00f1os siempre y cuando no enfrentes una enfermedad hormonal o ginecol\u00f3gica, ya que algunas de esas enfermedades, independientemente del tratamiento l\u00e1ser pudieran ocasionar la aparici\u00f3n de vello<\/p>\n<p>Una vez iniciado el tratamiento con l\u00e1ser es muy importante que \u00fanicamente usemos rastrillo para retirar el vello, ya que de lo contrario, interferimos en el proceso de crecimiento del vello<\/p>\n\n\t\t<\/div> \n\t<\/div> \t<div class=\"vc_empty_space\"  style=\"height: 20px\" ><span\n\t\t\tclass=\"vc_empty_space_inner\"><\/span><\/div>\n\n\t<div class=\"vc_btn3-container vc_btn3-inline\"><a class=\"vc_general vc_btn3 vc_btn3-size-sm vc_btn3-shape-square vc_btn3-style-flat vc_btn3-color-grey\" href=\"http:\/\/dermocosmetico.com.mx\/index.php\/contacto\/\" title=\"\" target=\"_self\">Cont\u00e1ctanos<\/a><\/div><\/div><\/div><\/div><\/div>\n","protected":false},"excerpt":{"rendered":"L\u00e1ser inside L\u00e1ser inside\u00a0: Con la tecnolog\u00eda patentada \u201cIN MOTION\u201d del L\u00e1ser Soprano, que adem\u00e1s est\u00e1 certificado por la FDA [...]","protected":false},"author":1,"featured_media":0,"parent":4881,"menu_order":0,"comment_status":"closed","ping_status":"closed","template":"","meta":[],"_links":{"self":[{"href":"http:\/\/dermocosmetico.com.mx\/index.php\/wp-json\/wp\/v2\/pages\/5836"}],"collection":[{"href":"http:\/\/dermocosmetico.com.mx\/index.php\/wp-json\/wp\/v2\/pages"}],"about":[{"href":"http:\/\/dermocosmetico.com.mx\/index.php\/wp-json\/wp\/v2\/types\/page"}],"author":[{"embeddable":true,"href":"http:\/\/dermocosmetico.com.mx\/index.php\/wp-json\/wp\/v2\/users\/1"}],"replies":[{"embeddable":true,"href":"http:\/\/dermocosmetico.com.mx\/index.php\/wp-json\/wp\/v2\/comments?post=5836"}],"version-history":[{"count":1,"href":"http:\/\/dermocosmetico.com.mx\/index.php\/wp-json\/wp\/v2\/pages\/5836\/revisions"}],"predecessor-version":[{"id":5843,"href":"http:\/\/dermocosmetico.com.mx\/index.php\/wp-json\/wp\/v2\/pages\/5836\/revisions\/5843"}],"up":[{"embeddable":true,"href":"http:\/\/dermocosmetico.com.mx\/index.php\/wp-json\/wp\/v2\/pages\/4881"}],"wp:attachment":[{"href":"http:\/\/dermocosmetico.com.mx\/index.php\/wp-json\/wp\/v2\/media?parent=5836"}],"curies":[{"name":"wp","href":"https:\/\/api.w.org\/{rel}","templated":true}]}}