{"id":5311,"date":"2016-09-16T06:22:18","date_gmt":"2016-09-16T06:22:18","guid":{"rendered":"http:\/\/dermocosmetico.com.mx\/?page_id=5311"},"modified":"2018-05-25T16:44:35","modified_gmt":"2018-05-25T16:44:35","slug":"renerex","status":"publish","type":"page","link":"http:\/\/dermocosmetico.com.mx\/index.php\/faciales\/renerex\/","title":{"rendered":"RENEREX"},"content":{"rendered":"<div class=\"wpb_row vc_row-fluid vc_custom_1474006925144 row_fullwidth\" ><div class=\"wpb_column vc_column_container vc_col-sm-12\"><div class=\"wpb_wrapper\">\t<div class=\"vc_empty_space\"  style=\"height: 132px\" ><span\n\t\t\tclass=\"vc_empty_space_inner\"><\/span><\/div>\n\n<h2 style=\"font-size: 32px;color: #ffffff;text-align: center;font-family:Raleway;font-weight:700;font-style:normal\" class=\"vc_custom_heading\">RENEREX<\/h2>\t<div class=\"vc_empty_space\"  style=\"height: 132px\" ><span\n\t\t\tclass=\"vc_empty_space_inner\"><\/span><\/div>\n\n<\/div><\/div><\/div><div class=\"wpb_row vc_row-fluid row_box\" ><div class=\"container\"><div class=\"wpb_column vc_column_container vc_col-sm-12\"><div class=\"wpb_wrapper\">\t<div class=\"vc_empty_space\"  style=\"height: 20px\" ><span\n\t\t\tclass=\"vc_empty_space_inner\"><\/span><\/div>\n\n\n\t<div class=\"wpb_text_column wpb_content_element \">\n\t\t<div class=\"wpb_wrapper\">\n\t\t\t<h2 style=\"text-align: justify;\" align=\"left\"><strong>RENEREX: <\/strong><\/h2>\n<p>El renerex es el tratamiento por excelencia para la flacidez facial, si est\u00e1s buscando un tratamiento no quir\u00fargico, no invasivo, sin ajugas ni inyecciones, y con resultados de hasta un a\u00f1o*.<\/p>\n<p>Es el tratamiento traspasa las tres capas de la piel, haciendo un efecto en cada una de ellas, epidermis, dermis e hipodermis, donde a 42\u00b0C contrae las fibras de col\u00e1gena y elastina para recuperar la tonicidad al mismo tiempo que el cabezal suelta un gas refrigerante que reafirma nuestra piel.<\/p>\n<p>Regenera hasta en un 70% con su radiofrecuencia y los resultados son visibles entre la primera y la tercera sesi\u00f3n<\/p>\n<p>Recomendado para todo tipo de pieles sin l\u00edmite de edad.<\/p>\n<p><strong>Costo:\u00a0\u00a0$1500<\/strong><\/p>\n\n\t\t<\/div> \n\t<\/div> \t<div class=\"vc_empty_space\"  style=\"height: 20px\" ><span\n\t\t\tclass=\"vc_empty_space_inner\"><\/span><\/div>\n\n\n\t<div class=\"wpb_text_column wpb_content_element \">\n\t\t<div class=\"wpb_wrapper\">\n\t\t\t<p><strong>T<\/strong><strong>odos nuestros faciales incluyen.<\/strong><\/p>\n<ul>\n<li>Exfoliaci\u00f3n<\/li>\n<li>Tonificaci\u00f3n<\/li>\n<li>Aplicaci\u00f3n del aparato<\/li>\n<li>Aplicaci\u00f3n de cremas o geles de acuerdo al tipo de piel<\/li>\n<li>Mascarilla<\/li>\n<li>Masaje final<\/li>\n<li>Aplicaci\u00f3n de filtro solar<\/li>\n<li>La duraci\u00f3n aproximada es de una hora<\/li>\n<\/ul>\n\n\t\t<\/div> \n\t<\/div> \t<div class=\"vc_empty_space\"  style=\"height: 20px\" ><span\n\t\t\tclass=\"vc_empty_space_inner\"><\/span><\/div>\n\n\t<div class=\"vc_btn3-container vc_btn3-inline\"><a class=\"vc_general vc_btn3 vc_btn3-size-sm vc_btn3-shape-square vc_btn3-style-flat vc_btn3-color-grey\" href=\"http:\/\/dermocosmetico.com.mx\/index.php\/contacto\/\" title=\"\" target=\"_self\">Cont\u00e1ctanos<\/a><\/div><\/div><\/div><\/div><\/div>\n","protected":false},"excerpt":{"rendered":"RENEREX RENEREX: El renerex es el tratamiento por excelencia para la flacidez facial, si est\u00e1s buscando un tratamiento no quir\u00fargico, [...]","protected":false},"author":1,"featured_media":0,"parent":4875,"menu_order":0,"comment_status":"closed","ping_status":"closed","template":"","meta":[],"_links":{"self":[{"href":"http:\/\/dermocosmetico.com.mx\/index.php\/wp-json\/wp\/v2\/pages\/5311"}],"collection":[{"href":"http:\/\/dermocosmetico.com.mx\/index.php\/wp-json\/wp\/v2\/pages"}],"about":[{"href":"http:\/\/dermocosmetico.com.mx\/index.php\/wp-json\/wp\/v2\/types\/page"}],"author":[{"embeddable":true,"href":"http:\/\/dermocosmetico.com.mx\/index.php\/wp-json\/wp\/v2\/users\/1"}],"replies":[{"embeddable":true,"href":"http:\/\/dermocosmetico.com.mx\/index.php\/wp-json\/wp\/v2\/comments?post=5311"}],"version-history":[{"count":3,"href":"http:\/\/dermocosmetico.com.mx\/index.php\/wp-json\/wp\/v2\/pages\/5311\/revisions"}],"predecessor-version":[{"id":5795,"href":"http:\/\/dermocosmetico.com.mx\/index.php\/wp-json\/wp\/v2\/pages\/5311\/revisions\/5795"}],"up":[{"embeddable":true,"href":"http:\/\/dermocosmetico.com.mx\/index.php\/wp-json\/wp\/v2\/pages\/4875"}],"wp:attachment":[{"href":"http:\/\/dermocosmetico.com.mx\/index.php\/wp-json\/wp\/v2\/media?parent=5311"}],"curies":[{"name":"wp","href":"https:\/\/api.w.org\/{rel}","templated":true}]}}