{"id":5189,"date":"2016-06-09T04:58:19","date_gmt":"2016-06-09T04:58:19","guid":{"rendered":"http:\/\/dermocosmetico.com.mx\/?page_id=5189"},"modified":"2017-07-17T06:24:19","modified_gmt":"2017-07-17T06:24:19","slug":"eliminacion-lunaresverrugas","status":"publish","type":"page","link":"http:\/\/dermocosmetico.com.mx\/index.php\/tratamientos-medicos\/eliminacion-lunaresverrugas\/","title":{"rendered":"ESCLEREOSIS VASCULAR o ESCLEROTERAPIA"},"content":{"rendered":"<div class=\"wpb_row vc_row-fluid vc_custom_1474010658465 row_fullwidth\" ><div class=\"wpb_column vc_column_container vc_col-sm-12\"><div class=\"wpb_wrapper\">\t<div class=\"vc_empty_space\"  style=\"height: 132px\" ><span\n\t\t\tclass=\"vc_empty_space_inner\"><\/span><\/div>\n\n<h2 style=\"font-size: 32px;color: #ffffff;text-align: center;font-family:Raleway;font-weight:700;font-style:normal\" class=\"vc_custom_heading\">ESCLEREOSIS VASCULAR o ESCLEROTERAPIA<\/h2>\t<div class=\"vc_empty_space\"  style=\"height: 132px\" ><span\n\t\t\tclass=\"vc_empty_space_inner\"><\/span><\/div>\n\n<\/div><\/div><\/div><div class=\"wpb_row vc_row-fluid row_box\" ><div class=\"container\"><div class=\"wpb_column vc_column_container vc_col-sm-12\"><div class=\"wpb_wrapper\">\t<div class=\"vc_empty_space\"  style=\"height: 20px\" ><span\n\t\t\tclass=\"vc_empty_space_inner\"><\/span><\/div>\n\n\n\t<div class=\"wpb_text_column wpb_content_element \">\n\t\t<div class=\"wpb_wrapper\">\n\t\t\t<h2 style=\"text-align: justify;\" align=\"left\"><strong>ESCLEREOSIS VASCULAR o ESCLEROTERAPIA: <\/strong><\/h2>\n<p>Es uno de los tratamientos m\u00e1s com\u00fanmente utilizados en el caso de v\u00e1rices, telangiectasias o <em>Peque\u00f1as<\/em> ara\u00f1as vasculares, sin importar donde est\u00e9n \u00a0localizadas. Este tratamiento es efectivo siempre y cuando el tama\u00f1o de las varices sea peque\u00f1o.<\/p>\n<p>Este m\u00e9todo es sencillo e inmediato y provoca un efecto de cerrado de la cavidad venosa que da lugar a la eliminaci\u00f3n de las varices.<\/p>\n<p>Recomendamos valoraci\u00f3n m\u00e9dica previa al tratamiento<\/p>\n\n\t\t<\/div> \n\t<\/div> \t<div class=\"vc_empty_space\"  style=\"height: 20px\" ><span\n\t\t\tclass=\"vc_empty_space_inner\"><\/span><\/div>\n\n\t<div class=\"vc_btn3-container vc_btn3-inline\"><a class=\"vc_general vc_btn3 vc_btn3-size-sm vc_btn3-shape-square vc_btn3-style-flat vc_btn3-color-grey\" href=\"http:\/\/dermocosmetico.com.mx\/index.php\/contacto\/\" title=\"\" target=\"_self\">Cont\u00e1ctanos<\/a><\/div><\/div><\/div><\/div><\/div>\n","protected":false},"excerpt":{"rendered":"ESCLEREOSIS VASCULAR o ESCLEROTERAPIA ESCLEREOSIS VASCULAR o ESCLEROTERAPIA: Es uno de los tratamientos m\u00e1s com\u00fanmente utilizados en el caso de [...]","protected":false},"author":1,"featured_media":0,"parent":4885,"menu_order":0,"comment_status":"closed","ping_status":"closed","template":"","meta":[],"_links":{"self":[{"href":"http:\/\/dermocosmetico.com.mx\/index.php\/wp-json\/wp\/v2\/pages\/5189"}],"collection":[{"href":"http:\/\/dermocosmetico.com.mx\/index.php\/wp-json\/wp\/v2\/pages"}],"about":[{"href":"http:\/\/dermocosmetico.com.mx\/index.php\/wp-json\/wp\/v2\/types\/page"}],"author":[{"embeddable":true,"href":"http:\/\/dermocosmetico.com.mx\/index.php\/wp-json\/wp\/v2\/users\/1"}],"replies":[{"embeddable":true,"href":"http:\/\/dermocosmetico.com.mx\/index.php\/wp-json\/wp\/v2\/comments?post=5189"}],"version-history":[{"count":5,"href":"http:\/\/dermocosmetico.com.mx\/index.php\/wp-json\/wp\/v2\/pages\/5189\/revisions"}],"predecessor-version":[{"id":5651,"href":"http:\/\/dermocosmetico.com.mx\/index.php\/wp-json\/wp\/v2\/pages\/5189\/revisions\/5651"}],"up":[{"embeddable":true,"href":"http:\/\/dermocosmetico.com.mx\/index.php\/wp-json\/wp\/v2\/pages\/4885"}],"wp:attachment":[{"href":"http:\/\/dermocosmetico.com.mx\/index.php\/wp-json\/wp\/v2\/media?parent=5189"}],"curies":[{"name":"wp","href":"https:\/\/api.w.org\/{rel}","templated":true}]}}