{"id":5169,"date":"2016-06-09T04:55:32","date_gmt":"2016-06-09T04:55:32","guid":{"rendered":"http:\/\/dermocosmetico.com.mx\/?page_id=5169"},"modified":"2016-09-16T07:55:26","modified_gmt":"2016-09-16T07:55:26","slug":"velo-de-novia","status":"publish","type":"page","link":"http:\/\/dermocosmetico.com.mx\/index.php\/corporales\/velo-de-novia\/","title":{"rendered":"CARBOXITERAPIA"},"content":{"rendered":"<div class=\"wpb_row vc_row-fluid vc_custom_1474012525054 row_fullwidth\" ><div class=\"wpb_column vc_column_container vc_col-sm-12\"><div class=\"wpb_wrapper\">\t<div class=\"vc_empty_space\"  style=\"height: 132px\" ><span\n\t\t\tclass=\"vc_empty_space_inner\"><\/span><\/div>\n\n<h2 style=\"font-size: 32px;color: #ffffff;text-align: center;font-family:Raleway;font-weight:700;font-style:normal\" class=\"vc_custom_heading\">CARBOXITERAPIA<\/h2>\t<div class=\"vc_empty_space\"  style=\"height: 132px\" ><span\n\t\t\tclass=\"vc_empty_space_inner\"><\/span><\/div>\n\n<\/div><\/div><\/div><div class=\"wpb_row vc_row-fluid row_box\" ><div class=\"container\"><div class=\"wpb_column vc_column_container vc_col-sm-12\"><div class=\"wpb_wrapper\">\t<div class=\"vc_empty_space\"  style=\"height: 20px\" ><span\n\t\t\tclass=\"vc_empty_space_inner\"><\/span><\/div>\n\n\n\t<div class=\"wpb_text_column wpb_content_element \">\n\t\t<div class=\"wpb_wrapper\">\n\t\t\t<h2 style=\"text-align: justify;\" align=\"left\"><strong>CARBOXITERAPIA: <\/strong><\/h2>\n<p>Este procedimiento cosm\u00e9tico no quir\u00fargico consiste en la aplicaci\u00f3n subcut\u00e1nea de Bi\u00f3xido de Carbono (CO2)<\/p>\n<p>Dentro de los muchos beneficios y usos de la carboxiterapia es que mejora la celulitis, favorece la oxigenaci\u00f3n celular, mejora la calidad de las c\u00e9lulas, disminuye grasa localizada, mejora la calidad de la piel por lo que se mejora el aspecto visible de las estr\u00edas.<\/p>\n\n\t\t<\/div> \n\t<\/div> \t<div class=\"vc_empty_space\"  style=\"height: 20px\" ><span\n\t\t\tclass=\"vc_empty_space_inner\"><\/span><\/div>\n\n\t<div class=\"vc_btn3-container vc_btn3-inline\"><a class=\"vc_general vc_btn3 vc_btn3-size-sm vc_btn3-shape-square vc_btn3-style-flat vc_btn3-color-grey\" href=\"http:\/\/dermocosmetico.com.mx\/index.php\/contacto\/\" title=\"\" target=\"_self\">Cont\u00e1ctanos<\/a><\/div><\/div><\/div><\/div><\/div>\n","protected":false},"excerpt":{"rendered":"CARBOXITERAPIA CARBOXITERAPIA: Este procedimiento cosm\u00e9tico no quir\u00fargico consiste en la aplicaci\u00f3n subcut\u00e1nea de Bi\u00f3xido de Carbono (CO2) Dentro de los [...]","protected":false},"author":1,"featured_media":0,"parent":4877,"menu_order":0,"comment_status":"closed","ping_status":"closed","template":"","meta":[],"_links":{"self":[{"href":"http:\/\/dermocosmetico.com.mx\/index.php\/wp-json\/wp\/v2\/pages\/5169"}],"collection":[{"href":"http:\/\/dermocosmetico.com.mx\/index.php\/wp-json\/wp\/v2\/pages"}],"about":[{"href":"http:\/\/dermocosmetico.com.mx\/index.php\/wp-json\/wp\/v2\/types\/page"}],"author":[{"embeddable":true,"href":"http:\/\/dermocosmetico.com.mx\/index.php\/wp-json\/wp\/v2\/users\/1"}],"replies":[{"embeddable":true,"href":"http:\/\/dermocosmetico.com.mx\/index.php\/wp-json\/wp\/v2\/comments?post=5169"}],"version-history":[{"count":4,"href":"http:\/\/dermocosmetico.com.mx\/index.php\/wp-json\/wp\/v2\/pages\/5169\/revisions"}],"predecessor-version":[{"id":5419,"href":"http:\/\/dermocosmetico.com.mx\/index.php\/wp-json\/wp\/v2\/pages\/5169\/revisions\/5419"}],"up":[{"embeddable":true,"href":"http:\/\/dermocosmetico.com.mx\/index.php\/wp-json\/wp\/v2\/pages\/4877"}],"wp:attachment":[{"href":"http:\/\/dermocosmetico.com.mx\/index.php\/wp-json\/wp\/v2\/media?parent=5169"}],"curies":[{"name":"wp","href":"https:\/\/api.w.org\/{rel}","templated":true}]}}