{"id":4881,"date":"2016-04-01T05:16:19","date_gmt":"2016-04-01T05:16:19","guid":{"rendered":"http:\/\/dermocosmetico.com.mx\/?page_id=4881"},"modified":"2016-09-17T07:54:07","modified_gmt":"2016-09-17T07:54:07","slug":"depilaciones","status":"publish","type":"page","link":"http:\/\/dermocosmetico.com.mx\/index.php\/depilaciones\/","title":{"rendered":"Depilaciones"},"content":{"rendered":"<div class=\"wpb_row vc_row-fluid row_box\" ><div class=\"container\"><div class=\"wpb_column vc_column_container vc_col-sm-8\"><div class=\"wpb_wrapper\"><h3 style=\"text-align: left\" class=\"vc_custom_heading\">DEPILACIONES DERMOCOSMETICO<\/h3>\t<div class=\"vc_empty_space\"  style=\"height: 8px\" ><span\n\t\t\tclass=\"vc_empty_space_inner\"><\/span><\/div>\n\n<div class=\"vc_separator wpb_content_element vc_separator_align_center vc_sep_width_100 vc_sep_pos_align_center vc_separator_no_text vc_sep_color_grey\"><span\n\t\tclass=\"vc_sep_holder vc_sep_holder_l\"><span\t\t\tclass=\"vc_sep_line\"><\/span><\/span><span\n\t\tclass=\"vc_sep_holder vc_sep_holder_r\"><span class=\"vc_sep_line\"><\/span><\/span>\n\t<\/div>\n\t<div class=\"vc_empty_space\"  style=\"height: 8px\" ><span\n\t\t\tclass=\"vc_empty_space_inner\"><\/span><\/div>\n\n\n\t<div class=\"wpb_text_column wpb_content_element \">\n\t\t<div class=\"wpb_wrapper\">\n\t\t\t<p><img class=\"alignright\" src=\"http:\/\/dermocosmetico.com.mx\/wp-content\/uploads\/2014\/04\/1-gris.jpg\" alt=\"1 gris\" \/>En la actualidad la extracci\u00f3n del vello forma parte de la higiene y belleza corporal y que mejor poner a tu alcance una variedad de t\u00e9cnicas y aparatos para lucir una piel suave como la seda y poder optar por el\u00a0 m\u00e9todo que m\u00e1s te convenga. Con\u00f3celos y dec\u00eddete por uno.<\/p>\n\n\t\t<\/div> \n\t<\/div> <\/div><\/div><div class=\"wpb_column vc_column_container vc_col-sm-4\"><div class=\"wpb_wrapper\"><h3 style=\"text-align: left\" class=\"vc_custom_heading\">NUESTRAS OPCIONES<\/h3>\t<div class=\"vc_empty_space\"  style=\"height: 8px\" ><span\n\t\t\tclass=\"vc_empty_space_inner\"><\/span><\/div>\n\n<div class=\"vc_separator wpb_content_element vc_separator_align_center vc_sep_width_100 vc_sep_pos_align_center vc_separator_no_text vc_sep_color_grey\"><span\n\t\tclass=\"vc_sep_holder vc_sep_holder_l\"><span\t\t\tclass=\"vc_sep_line\"><\/span><\/span><span\n\t\tclass=\"vc_sep_holder vc_sep_holder_r\"><span class=\"vc_sep_line\"><\/span><\/span>\n\t<\/div>\n\t<div class=\"vc_empty_space\"  style=\"height: 8px\" ><span\n\t\t\tclass=\"vc_empty_space_inner\"><\/span><\/div>\n\n<div class=\"vc_wp_custommenu wpb_content_element\"><div class=\"widget widget_nav_menu\"><div class=\" megaWrapper\"><ul id=\"menu-depilaciones\" class=\"obtheme_mega_menu\"><li id=\"menu-item-5859\" class=\"menu-item menu-item-type-post_type menu-item-object-page drop_to_left standard \"><a href=\"http:\/\/dermocosmetico.com.mx\/index.php\/depilaciones\/laser-inside\/\">L\u00e1ser inside<\/a><\/li>\n<\/ul><\/div><\/div><\/div>\n<\/div><\/div><\/div><\/div><div class=\"wpb_row vc_row-fluid row_fullwidth\" ><div class=\"wpb_column vc_column_container vc_col-sm-12\"><div class=\"wpb_wrapper\">\n\t<div class=\"wpb_text_column wpb_content_element \">\n\t\t<div class=\"wpb_wrapper\">\n\t\t\t<p><\/p>\n\n\t\t<\/div> \n\t<\/div> <\/div><\/div><\/div>\n","protected":false},"excerpt":{"rendered":"DEPILACIONES DERMOCOSMETICO En la actualidad la extracci\u00f3n del vello forma parte de la higiene y belleza corporal y que mejor [...]","protected":false},"author":1,"featured_media":0,"parent":0,"menu_order":0,"comment_status":"closed","ping_status":"closed","template":"","meta":[],"_links":{"self":[{"href":"http:\/\/dermocosmetico.com.mx\/index.php\/wp-json\/wp\/v2\/pages\/4881"}],"collection":[{"href":"http:\/\/dermocosmetico.com.mx\/index.php\/wp-json\/wp\/v2\/pages"}],"about":[{"href":"http:\/\/dermocosmetico.com.mx\/index.php\/wp-json\/wp\/v2\/types\/page"}],"author":[{"embeddable":true,"href":"http:\/\/dermocosmetico.com.mx\/index.php\/wp-json\/wp\/v2\/users\/1"}],"replies":[{"embeddable":true,"href":"http:\/\/dermocosmetico.com.mx\/index.php\/wp-json\/wp\/v2\/comments?post=4881"}],"version-history":[{"count":13,"href":"http:\/\/dermocosmetico.com.mx\/index.php\/wp-json\/wp\/v2\/pages\/4881\/revisions"}],"predecessor-version":[{"id":5520,"href":"http:\/\/dermocosmetico.com.mx\/index.php\/wp-json\/wp\/v2\/pages\/4881\/revisions\/5520"}],"wp:attachment":[{"href":"http:\/\/dermocosmetico.com.mx\/index.php\/wp-json\/wp\/v2\/media?parent=4881"}],"curies":[{"name":"wp","href":"https:\/\/api.w.org\/{rel}","templated":true}]}}