{"id":4877,"date":"2016-04-01T05:10:21","date_gmt":"2016-04-01T05:10:21","guid":{"rendered":"http:\/\/dermocosmetico.com.mx\/?page_id=4877"},"modified":"2016-09-17T07:53:30","modified_gmt":"2016-09-17T07:53:30","slug":"corporales","status":"publish","type":"page","link":"http:\/\/dermocosmetico.com.mx\/index.php\/corporales\/","title":{"rendered":"Corporales"},"content":{"rendered":"<div class=\"wpb_row vc_row-fluid row_box\" ><div class=\"container\"><div class=\"wpb_column vc_column_container vc_col-sm-8\"><div class=\"wpb_wrapper\"><h3 style=\"text-align: left\" class=\"vc_custom_heading\">CORPORALES DERMOCOSMETICO<\/h3>\t<div class=\"vc_empty_space\"  style=\"height: 8px\" ><span\n\t\t\tclass=\"vc_empty_space_inner\"><\/span><\/div>\n\n<div class=\"vc_separator wpb_content_element vc_separator_align_center vc_sep_width_100 vc_sep_pos_align_center vc_separator_no_text vc_sep_color_grey\"><span\n\t\tclass=\"vc_sep_holder vc_sep_holder_l\"><span\t\t\tclass=\"vc_sep_line\"><\/span><\/span><span\n\t\tclass=\"vc_sep_holder vc_sep_holder_r\"><span class=\"vc_sep_line\"><\/span><\/span>\n\t<\/div>\n\t<div class=\"vc_empty_space\"  style=\"height: 8px\" ><span\n\t\t\tclass=\"vc_empty_space_inner\"><\/span><\/div>\n\n\n\t<div class=\"wpb_text_column wpb_content_element \">\n\t\t<div class=\"wpb_wrapper\">\n\t\t\t<p><img class=\"alignright\" src=\"http:\/\/dermocosmetico.com.mx\/wp-content\/uploads\/2014\/04\/3-gris.jpg\" alt=\"3 gris\" \/>Conoce nuestra variedad de tratamientos corporales que est\u00e1n enfocados espec\u00edficamente a mejorar la apariencia y la belleza de tu cuerpo.<\/p>\n<p>Ven a cualquiera de nuestros centros y comprueba c\u00f3mo ha evolucionado la aparatolog\u00eda usada en los tratamientos dermocosm\u00e9ticos y descubre lo que la ciencia ha logrado a trav\u00e9s de varios a\u00f1os de investigaci\u00f3n<\/p>\n<p>Te invitamos a una valoraci\u00f3n sin costo y sin necesidad de hacer una cita, para saber cu\u00e1les son tus necesidades y expectativas de tratamiento y ofrecerte as\u00ed el tratamiento adecuado a tus necesidades, tiempos y presupuesto<\/p>\n<p>Juntos crearemos tu expediente inicial y final con fotos y medidas del antes y despu\u00e9s del tratamiento para lograr los resultados esperados.<\/p>\n<p>No lo pienses m\u00e1s y acude hoy mismo a cualquiera de nuestras sucursales<\/p>\n\n\t\t<\/div> \n\t<\/div> <\/div><\/div><div class=\"wpb_column vc_column_container vc_col-sm-4\"><div class=\"wpb_wrapper\"><h3 style=\"text-align: left\" class=\"vc_custom_heading\">NUESTRAS OPCIONES<\/h3>\t<div class=\"vc_empty_space\"  style=\"height: 8px\" ><span\n\t\t\tclass=\"vc_empty_space_inner\"><\/span><\/div>\n\n<div class=\"vc_separator wpb_content_element vc_separator_align_center vc_sep_width_100 vc_sep_pos_align_center vc_separator_no_text vc_sep_color_grey\"><span\n\t\tclass=\"vc_sep_holder vc_sep_holder_l\"><span\t\t\tclass=\"vc_sep_line\"><\/span><\/span><span\n\t\tclass=\"vc_sep_holder vc_sep_holder_r\"><span class=\"vc_sep_line\"><\/span><\/span>\n\t<\/div>\n\t<div class=\"vc_empty_space\"  style=\"height: 8px\" ><span\n\t\t\tclass=\"vc_empty_space_inner\"><\/span><\/div>\n\n<div class=\"vc_wp_custommenu wpb_content_element\"><div class=\"widget widget_nav_menu\"><div class=\" megaWrapper\"><ul id=\"menu-corporales\" class=\"obtheme_mega_menu\"><li id=\"menu-item-5456\" class=\"menu-item menu-item-type-post_type menu-item-object-page drop_to_left standard \"><a href=\"http:\/\/dermocosmetico.com.mx\/index.php\/corporales\/velo-de-novia\/\">CARBOXITERAPIA<\/a><\/li>\n<li id=\"menu-item-5457\" class=\"menu-item menu-item-type-post_type menu-item-object-page drop_to_left standard \"><a href=\"http:\/\/dermocosmetico.com.mx\/index.php\/corporales\/relajante\/\">CAVITACION<\/a><\/li>\n<li id=\"menu-item-5459\" class=\"menu-item menu-item-type-post_type menu-item-object-page drop_to_left standard \"><a href=\"http:\/\/dermocosmetico.com.mx\/index.php\/corporales\/reafirmantes\/\">IMPULSOS o GIMNASIA PASIVA<\/a><\/li>\n<li id=\"menu-item-5460\" class=\"menu-item menu-item-type-post_type menu-item-object-page drop_to_left standard \"><a href=\"http:\/\/dermocosmetico.com.mx\/index.php\/corporales\/infrarrojo\/\">INFRARROJO<\/a><\/li>\n<li id=\"menu-item-5461\" class=\"menu-item menu-item-type-post_type menu-item-object-page drop_to_left standard \"><a href=\"http:\/\/dermocosmetico.com.mx\/index.php\/corporales\/moldeo\/\">LUMICELL<\/a><\/li>\n<li id=\"menu-item-5462\" class=\"menu-item menu-item-type-post_type menu-item-object-page drop_to_left standard \"><a href=\"http:\/\/dermocosmetico.com.mx\/index.php\/corporales\/masaje-relax\/\">MASAJE RELAX<\/a><\/li>\n<li id=\"menu-item-5463\" class=\"menu-item menu-item-type-post_type menu-item-object-page drop_to_left standard \"><a href=\"http:\/\/dermocosmetico.com.mx\/index.php\/corporales\/aparatologia\/\">MW (RADIOFRECUENCIA BIPOLAR O DIATERMIA)- RF300<\/a><\/li>\n<li id=\"menu-item-5465\" class=\"menu-item menu-item-type-post_type menu-item-object-page drop_to_left standard \"><a href=\"http:\/\/dermocosmetico.com.mx\/index.php\/corporales\/reductivos\/\">RADIO FRECUENCIA CORPORAL<\/a><\/li>\n<li id=\"menu-item-5466\" class=\"menu-item menu-item-type-post_type menu-item-object-page drop_to_left standard \"><a href=\"http:\/\/dermocosmetico.com.mx\/index.php\/corporales\/radiofrecuencia-polarizada\/\">RADIOFRECUENCIA POLARIZADA<\/a><\/li>\n<li id=\"menu-item-5467\" class=\"menu-item menu-item-type-post_type menu-item-object-page drop_to_left standard \"><a href=\"http:\/\/dermocosmetico.com.mx\/index.php\/corporales\/termocell\/\">TERMOCELL<\/a><\/li>\n<li id=\"menu-item-5468\" class=\"menu-item menu-item-type-post_type menu-item-object-page drop_to_left standard \"><a href=\"http:\/\/dermocosmetico.com.mx\/index.php\/corporales\/tiractive-laser-dermology\/\">TIRACTIVE LASER DERMOLOGY<\/a><\/li>\n<li id=\"menu-item-5469\" class=\"menu-item menu-item-type-post_type menu-item-object-page drop_to_left standard \"><a href=\"http:\/\/dermocosmetico.com.mx\/index.php\/corporales\/velo-de-novia-2\/\">VELO DE NOVIA<\/a><\/li>\n<li id=\"menu-item-5827\" class=\"menu-item menu-item-type-post_type menu-item-object-page drop_to_left standard \"><a href=\"http:\/\/dermocosmetico.com.mx\/index.php\/corporales\/lipomax\/\">LIPOMAX<\/a><\/li>\n<li id=\"menu-item-5828\" class=\"menu-item menu-item-type-post_type menu-item-object-page drop_to_left standard \"><a href=\"http:\/\/dermocosmetico.com.mx\/index.php\/corporales\/maderoterapia\/\">MADEROTERAPIA<\/a><\/li>\n<li id=\"menu-item-5850\" class=\"menu-item menu-item-type-post_type menu-item-object-page drop_to_left standard \"><a href=\"http:\/\/dermocosmetico.com.mx\/index.php\/corporales\/renerex\/\">RENEREX<\/a><\/li>\n<li id=\"menu-item-5851\" class=\"menu-item menu-item-type-post_type menu-item-object-page drop_to_left standard \"><a href=\"http:\/\/dermocosmetico.com.mx\/index.php\/corporales\/termoelectrodos\/\">TERMOELECTRODOS<\/a><\/li>\n<li id=\"menu-item-5852\" class=\"menu-item menu-item-type-post_type menu-item-object-page drop_to_left standard \"><a href=\"http:\/\/dermocosmetico.com.mx\/index.php\/corporales\/termoelectrodos\/\">TERMOELECTRODOS<\/a><\/li>\n<li id=\"menu-item-5853\" class=\"menu-item menu-item-type-post_type menu-item-object-page drop_to_left standard \"><a href=\"http:\/\/dermocosmetico.com.mx\/index.php\/corporales\/copas-colombianas\/\">COPAS COLOMBIANAS<\/a><\/li>\n<li id=\"menu-item-5849\" class=\"menu-item menu-item-type-post_type menu-item-object-page drop_to_left standard \"><a href=\"http:\/\/dermocosmetico.com.mx\/index.php\/corporales\/celuwave\/\">Celuwave<\/a><\/li>\n<li id=\"menu-item-5858\" class=\"menu-item menu-item-type-post_type menu-item-object-page drop_to_left standard \"><a href=\"http:\/\/dermocosmetico.com.mx\/index.php\/corporales\/ultrasonido-post-quirurgico\/\">Ultrasonido Post-Quir\u00fargico<\/a><\/li>\n<\/ul><\/div><\/div><\/div>\n<\/div><\/div><\/div><\/div><div class=\"wpb_row vc_row-fluid row_fullwidth\" ><div class=\"wpb_column vc_column_container vc_col-sm-12\"><div class=\"wpb_wrapper\">\n\t<div class=\"wpb_text_column wpb_content_element \">\n\t\t<div class=\"wpb_wrapper\">\n\t\t\t<p><\/p>\n\n\t\t<\/div> \n\t<\/div> <\/div><\/div><\/div>\n","protected":false},"excerpt":{"rendered":"CORPORALES DERMOCOSMETICO Conoce nuestra variedad de tratamientos corporales que est\u00e1n enfocados espec\u00edficamente a mejorar la apariencia y la belleza de [...]","protected":false},"author":1,"featured_media":0,"parent":0,"menu_order":0,"comment_status":"closed","ping_status":"closed","template":"","meta":[],"_links":{"self":[{"href":"http:\/\/dermocosmetico.com.mx\/index.php\/wp-json\/wp\/v2\/pages\/4877"}],"collection":[{"href":"http:\/\/dermocosmetico.com.mx\/index.php\/wp-json\/wp\/v2\/pages"}],"about":[{"href":"http:\/\/dermocosmetico.com.mx\/index.php\/wp-json\/wp\/v2\/types\/page"}],"author":[{"embeddable":true,"href":"http:\/\/dermocosmetico.com.mx\/index.php\/wp-json\/wp\/v2\/users\/1"}],"replies":[{"embeddable":true,"href":"http:\/\/dermocosmetico.com.mx\/index.php\/wp-json\/wp\/v2\/comments?post=4877"}],"version-history":[{"count":22,"href":"http:\/\/dermocosmetico.com.mx\/index.php\/wp-json\/wp\/v2\/pages\/4877\/revisions"}],"predecessor-version":[{"id":5517,"href":"http:\/\/dermocosmetico.com.mx\/index.php\/wp-json\/wp\/v2\/pages\/4877\/revisions\/5517"}],"wp:attachment":[{"href":"http:\/\/dermocosmetico.com.mx\/index.php\/wp-json\/wp\/v2\/media?parent=4877"}],"curies":[{"name":"wp","href":"https:\/\/api.w.org\/{rel}","templated":true}]}}